{"id":670,"date":"2022-05-19T10:19:34","date_gmt":"2022-05-19T08:19:34","guid":{"rendered":"https:\/\/mld-montage.de\/imprint\/"},"modified":"2022-10-26T11:13:47","modified_gmt":"2022-10-26T09:13:47","slug":"imprint","status":"publish","type":"page","link":"https:\/\/mld-montage.de\/cs\/imprint\/","title":{"rendered":"Imprint"},"content":{"rendered":"\t\t<div data-elementor-type=\"wp-page\" data-elementor-id=\"670\" class=\"elementor elementor-670 elementor-186\">\n\t\t\t\t\t\t<section class=\"elementor-section elementor-top-section elementor-element elementor-element-f5d3ff5 elementor-section-boxed elementor-section-height-default elementor-section-height-default\" data-id=\"f5d3ff5\" data-element_type=\"section\" data-e-type=\"section\">\n\t\t\t\t\t\t<div class=\"elementor-container elementor-column-gap-default\">\n\t\t\t\t\t<div class=\"elementor-column elementor-col-100 elementor-top-column elementor-element elementor-element-47cbf2e\" data-id=\"47cbf2e\" data-element_type=\"column\" data-e-type=\"column\">\n\t\t\t<div class=\"elementor-widget-wrap elementor-element-populated\">\n\t\t\t\t\t\t<div class=\"elementor-element elementor-element-de10a46 elementor-widget elementor-widget-heading\" data-id=\"de10a46\" data-element_type=\"widget\" data-e-type=\"widget\" data-widget_type=\"heading.default\">\n\t\t\t\t<div class=\"elementor-widget-container\">\n\t\t\t\t\t<h1 class=\"elementor-heading-title elementor-size-default\">Imprint<\/h1>\t\t\t\t<\/div>\n\t\t\t\t<\/div>\n\t\t\t\t<div class=\"elementor-element elementor-element-22265ec elementor-widget elementor-widget-text-editor\" data-id=\"22265ec\" data-element_type=\"widget\" data-e-type=\"widget\" data-widget_type=\"text-editor.default\">\n\t\t\t\t<div class=\"elementor-widget-container\">\n\t\t\t\t\t\t\t\t\t<div role=\"main\"><div><div><div><div><div><div><h4>MLD Montage Logistik Dienstleistungen GmbH<\/h4><p>Zastoupen\u00e1 jednateli Josef Wiesent a Alfred Wollitzer<\/p><p>Raiffeisenstra\u00dfe 4<br>92726 Waidhaus<br>N\u011bmecko<\/p><p>Telefon: +49 9652 \/ 81479\u20130<br>E-Mail: info@mld-montage.de<br>Internet: www.mld-montage.de<\/p><p>Z\u00e1pis do rejst\u0159\u00edku: Z\u00e1pis do obchodn\u00edho rejst\u0159\u00edku<br>Rejst\u0159\u00edkov\u00fd soud: Weiden i.d.Opf. m\u00edstn\u00ed soud, rejst\u0159\u00edkov\u00e9 \u010d\u00edslo HRB 3741<\/p><p>Identifika\u010dn\u00ed \u010d\u00edslo pro da\u0148 z prodeje: DE814436408<\/p><p>Odpov\u011bdnost za obsah podle \u00a7 55 odst. 2 RStV: Josef Wiesent (adresa jako v\u00fd\u0161e)<\/p><div> <\/div><h4>Design webov\u00fdch str\u00e1nek, fotografie a texty<\/h4><p><a title=\"zweckdesign reklamn\u00ed agentura | fotografie | videoprodukce z Ambergu\" href=\"http:\/\/www.zweckdesign.com\" target=\"_blank\" rel=\"noopener\">zweckdesign reklamn\u00ed agentura | fotografie | videoprodukce<\/a><br>Sebastianstra\u00dfe 14<br>D-92224 Amberg<\/p><div> <\/div><\/div><\/div><div><div><h4>Pr\u00e1vn\u00ed<\/h4><p><b>Odpov\u011bdnost za obsah<\/b><br>Obsah na\u0161ich str\u00e1nek byl vytvo\u0159en s maxim\u00e1ln\u00ed p\u00e9\u010d\u00ed. Nem\u016f\u017eeme v\u0161ak zaru\u010dit spr\u00e1vnost, \u00faplnost a aktu\u00e1lnost obsahu. Jako poskytovatel slu\u017eeb jsme v souladu s \u00a7 7 odst. 1. TMG odpov\u00edd\u00e1 za sv\u016fj vlastn\u00ed obsah na t\u011bchto str\u00e1nk\u00e1ch v souladu s obecn\u00fdmi pr\u00e1vn\u00edmi p\u0159edpisy. Podle \u00a7\u00a7 8 a\u017e 10 TMG v\u0161ak nejsme jako poskytovatel slu\u017eeb povinni sledovat p\u0159en\u00e1\u0161en\u00e9 nebo ukl\u00e1dan\u00e9 informace t\u0159et\u00edch stran nebo vy\u0161et\u0159ovat okolnosti, kter\u00e9 nazna\u010duj\u00ed nez\u00e1konnou \u010dinnost. Povinnosti odstranit nebo zablokovat pou\u017e\u00edv\u00e1n\u00ed informac\u00ed v souladu s obecn\u00fdmi pr\u00e1vn\u00edmi p\u0159edpisy t\u00edm nejsou dot\u010deny. Odpov\u011bdnost v tomto ohledu je v\u0161ak mo\u017en\u00e1 a\u017e od okam\u017eiku, kdy se dozv\u00edte o konkr\u00e9tn\u00edm poru\u0161en\u00ed. Odpov\u011bdnost v tomto ohledu je v\u0161ak mo\u017en\u00e1 a\u017e od okam\u017eiku, kdy se dozv\u00edte o konkr\u00e9tn\u00edm poru\u0161en\u00ed.<\/p><p><b>Odpov\u011bdnost za odkazy<\/b><br>Na\u0161e nab\u00eddka obsahuje odkazy na extern\u00ed webov\u00e9 str\u00e1nky t\u0159et\u00edch stran, na jejich\u017e obsah nem\u00e1me \u017e\u00e1dn\u00fd vliv. Proto za tento extern\u00ed obsah nem\u016f\u017eeme p\u0159evz\u00edt \u017e\u00e1dnou odpov\u011bdnost. Za obsah odkazovan\u00fdch str\u00e1nek v\u017edy odpov\u00edd\u00e1 p\u0159\u00edslu\u0161n\u00fd poskytovatel nebo provozovatel str\u00e1nek. Odkazovan\u00e9 str\u00e1nky byly v dob\u011b odkazov\u00e1n\u00ed zkontrolov\u00e1ny z hlediska mo\u017en\u00e9ho poru\u0161en\u00ed pr\u00e1vn\u00edch p\u0159edpis\u016f. Neleg\u00e1ln\u00ed obsah nebyl v dob\u011b propojen\u00ed rozpoznateln\u00fd. Trval\u00e1 kontrola obsahu odkazovan\u00fdch str\u00e1nek v\u0161ak nen\u00ed rozumn\u00e1 bez konkr\u00e9tn\u00edch indici\u00ed poru\u0161en\u00ed z\u00e1kona. Pokud se dozv\u00edme o jak\u00e9mkoli poru\u0161en\u00ed z\u00e1kona, okam\u017eit\u011b takov\u00e9 odkazy odstran\u00edme.<\/p><p><b>Autorsk\u00e1 pr\u00e1va<\/b><br>Obsah a d\u00edla vytvo\u0159en\u00e1 provozovateli str\u00e1nek na t\u011bchto str\u00e1nk\u00e1ch podl\u00e9haj\u00ed n\u011bmeck\u00e9mu autorsk\u00e9mu pr\u00e1vu. K reprodukci, \u00faprav\u00e1m, \u0161\u00ed\u0159en\u00ed a jak\u00e9mukoli vyu\u017eit\u00ed nad r\u00e1mec autorsk\u00e9ho z\u00e1kona je nutn\u00fd p\u00edsemn\u00fd souhlas p\u0159\u00edslu\u0161n\u00e9ho autora nebo tv\u016frce. Stahov\u00e1n\u00ed a kop\u00edrov\u00e1n\u00ed t\u00e9to str\u00e1nky je povoleno pouze pro soukrom\u00e9, nekomer\u010dn\u00ed pou\u017eit\u00ed. Pokud obsah t\u00e9to str\u00e1nky nebyl vytvo\u0159en provozovatelem, jsou respektov\u00e1na autorsk\u00e1 pr\u00e1va t\u0159et\u00edch stran. Jako takov\u00fd je ozna\u010den zejm\u00e9na obsah t\u0159et\u00edch stran. Pokud se p\u0159esto dozv\u00edte o poru\u0161en\u00ed autorsk\u00fdch pr\u00e1v, informujte n\u00e1s o tom. Pokud se dozv\u00edme o jak\u00e9mkoli poru\u0161en\u00ed, okam\u017eit\u011b takov\u00fd obsah odstran\u00edme.<\/p><p><b>Ochrana \u00fadaj\u016f<\/b><br>Pou\u017e\u00edv\u00e1n\u00ed na\u0161ich webov\u00fdch str\u00e1nek je obecn\u011b mo\u017en\u00e9 bez poskytnut\u00ed osobn\u00edch \u00fadaj\u016f. Pokud jsou na na\u0161ich str\u00e1nk\u00e1ch shroma\u017e\u010fov\u00e1ny osobn\u00ed \u00fadaje (nap\u0159. jm\u00e9no, adresa nebo e-mailov\u00e1 adresa), d\u011bje se tak pokud mo\u017eno v\u017edy dobrovoln\u011b. Tyto \u00fadaje nebudou p\u0159ed\u00e1ny t\u0159et\u00edm stran\u00e1m bez va\u0161eho v\u00fdslovn\u00e9ho souhlasu.<\/p><p>R\u00e1di bychom upozornili, \u017ee p\u0159enos dat na internetu (nap\u0159. komunikace prost\u0159ednictv\u00edm e-mailu) m\u016f\u017ee m\u00edt bezpe\u010dnostn\u00ed mezery. \u00dapln\u00e1 ochrana \u00fadaj\u016f p\u0159ed p\u0159\u00edstupem t\u0159et\u00edch stran nen\u00ed mo\u017en\u00e1.<\/p><p>Pou\u017eit\u00ed kontaktn\u00edch \u00fadaj\u016f zve\u0159ejn\u011bn\u00fdch v r\u00e1mci povinnosti otisku t\u0159et\u00edmi stranami za \u00fa\u010delem zas\u00edl\u00e1n\u00ed reklamn\u00edch a informa\u010dn\u00edch materi\u00e1l\u016f, kter\u00e9 nebyly v\u00fdslovn\u011b vy\u017e\u00e1d\u00e1ny, je t\u00edmto v\u00fdslovn\u011b zak\u00e1z\u00e1no. Provozovatel\u00e9 str\u00e1nek si v\u00fdslovn\u011b vyhrazuj\u00ed pr\u00e1vo podniknout pr\u00e1vn\u00ed kroky v p\u0159\u00edpad\u011b nevy\u017e\u00e1dan\u00e9ho zas\u00edl\u00e1n\u00ed reklamn\u00edch informac\u00ed, nap\u0159\u00edklad prost\u0159ednictv\u00edm nevy\u017e\u00e1dan\u00e9 po\u0161ty.<\/p><p><strong>Zdroj:<\/strong> Disclaimer and imprint generated by eRecht24.de (lawyer S\u00f6ren Siebert)<\/p><\/div><\/div><\/div><\/div><\/div><\/div><\/div>\t\t\t\t\t\t\t\t<\/div>\n\t\t\t\t<\/div>\n\t\t\t\t\t<\/div>\n\t\t<\/div>\n\t\t\t\t\t<\/div>\n\t\t<\/section>\n\t\t\t\t<\/div>\n\t\t","protected":false},"excerpt":{"rendered":"<p>Imprint MLD Montage Logistik Dienstleistungen GmbH Zastoupen\u00e1 jednateli Josef Wiesent a Alfred Wollitzer Raiffeisenstra\u00dfe 492726 WaidhausN\u011bmecko Telefon: +49 9652 \/ 81479\u20130E-Mail: info@mld-montage.deInternet: www.mld-montage.de Z\u00e1pis do rejst\u0159\u00edku: Z\u00e1pis do obchodn\u00edho rejst\u0159\u00edkuRejst\u0159\u00edkov\u00fd soud: Weiden i.d.Opf. m\u00edstn\u00ed soud, rejst\u0159\u00edkov\u00e9 \u010d\u00edslo HRB 3741 Identifika\u010dn\u00ed \u010d\u00edslo pro da\u0148 z prodeje: DE814436408 Odpov\u011bdnost za obsah podle \u00a7 55 odst. 2 RStV: [&hellip;]<\/p>\n","protected":false},"author":1,"featured_media":0,"parent":0,"menu_order":0,"comment_status":"closed","ping_status":"closed","template":"","meta":{"footnotes":""},"class_list":["post-670","page","type-page","status-publish","hentry"],"yoast_head":"<!-- This site is optimized with the Yoast SEO plugin v27.4 - https:\/\/yoast.com\/product\/yoast-seo-wordpress\/ -->\n<title>Imprint - MLD Montage Logistik Dienstleistung<\/title>\n<meta name=\"robots\" content=\"index, follow, max-snippet:-1, max-image-preview:large, max-video-preview:-1\" \/>\n<link rel=\"canonical\" href=\"https:\/\/mld-montage.de\/cs\/imprint\/\" \/>\n<meta property=\"og:locale\" content=\"cs_CZ\" \/>\n<meta property=\"og:type\" content=\"article\" \/>\n<meta property=\"og:title\" content=\"Imprint - MLD Montage Logistik Dienstleistung\" \/>\n<meta property=\"og:description\" content=\"Imprint MLD Montage Logistik Dienstleistungen GmbH Zastoupen\u00e1 jednateli Josef Wiesent a Alfred Wollitzer Raiffeisenstra\u00dfe 492726 WaidhausN\u011bmecko Telefon: +49 9652 \/ 81479\u20130E-Mail: info@mld-montage.deInternet: www.mld-montage.de Z\u00e1pis do rejst\u0159\u00edku: Z\u00e1pis do obchodn\u00edho rejst\u0159\u00edkuRejst\u0159\u00edkov\u00fd soud: Weiden i.d.Opf. m\u00edstn\u00ed soud, rejst\u0159\u00edkov\u00e9 \u010d\u00edslo HRB 3741 Identifika\u010dn\u00ed \u010d\u00edslo pro da\u0148 z prodeje: DE814436408 Odpov\u011bdnost za obsah podle \u00a7 55 odst. 2 RStV: [&hellip;]\" \/>\n<meta property=\"og:url\" content=\"https:\/\/mld-montage.de\/cs\/imprint\/\" \/>\n<meta property=\"og:site_name\" content=\"MLD Montage Logistik Dienstleistung\" \/>\n<meta property=\"article:modified_time\" content=\"2022-10-26T09:13:47+00:00\" \/>\n<meta name=\"twitter:card\" content=\"summary_large_image\" \/>\n<meta name=\"twitter:label1\" content=\"Odhadovan\u00e1 doba \u010dten\u00ed\" \/>\n\t<meta name=\"twitter:data1\" content=\"4 minuty\" \/>\n<script type=\"application\/ld+json\" class=\"yoast-schema-graph\">{\"@context\":\"https:\\\/\\\/schema.org\",\"@graph\":[{\"@type\":\"WebPage\",\"@id\":\"https:\\\/\\\/mld-montage.de\\\/cs\\\/imprint\\\/\",\"url\":\"https:\\\/\\\/mld-montage.de\\\/cs\\\/imprint\\\/\",\"name\":\"Imprint - MLD Montage Logistik Dienstleistung\",\"isPartOf\":{\"@id\":\"https:\\\/\\\/mld-montage.de\\\/#website\"},\"datePublished\":\"2022-05-19T08:19:34+00:00\",\"dateModified\":\"2022-10-26T09:13:47+00:00\",\"breadcrumb\":{\"@id\":\"https:\\\/\\\/mld-montage.de\\\/cs\\\/imprint\\\/#breadcrumb\"},\"inLanguage\":\"cs\",\"potentialAction\":[{\"@type\":\"ReadAction\",\"target\":[\"https:\\\/\\\/mld-montage.de\\\/cs\\\/imprint\\\/\"]}]},{\"@type\":\"BreadcrumbList\",\"@id\":\"https:\\\/\\\/mld-montage.de\\\/cs\\\/imprint\\\/#breadcrumb\",\"itemListElement\":[{\"@type\":\"ListItem\",\"position\":1,\"name\":\"Startseite\",\"item\":\"https:\\\/\\\/mld-montage.de\\\/cs\\\/montaz-logistika-a-sluzby\\\/\"},{\"@type\":\"ListItem\",\"position\":2,\"name\":\"Imprint\"}]},{\"@type\":\"WebSite\",\"@id\":\"https:\\\/\\\/mld-montage.de\\\/#website\",\"url\":\"https:\\\/\\\/mld-montage.de\\\/\",\"name\":\"MLD Montage Logistik Dienstleistung\",\"description\":\"im Comline Elektronik Firmenverbund\",\"publisher\":{\"@id\":\"https:\\\/\\\/mld-montage.de\\\/#organization\"},\"potentialAction\":[{\"@type\":\"SearchAction\",\"target\":{\"@type\":\"EntryPoint\",\"urlTemplate\":\"https:\\\/\\\/mld-montage.de\\\/?s={search_term_string}\"},\"query-input\":{\"@type\":\"PropertyValueSpecification\",\"valueRequired\":true,\"valueName\":\"search_term_string\"}}],\"inLanguage\":\"cs\"},{\"@type\":\"Organization\",\"@id\":\"https:\\\/\\\/mld-montage.de\\\/#organization\",\"name\":\"MLD Montage Logistik Dienstleistung\",\"url\":\"https:\\\/\\\/mld-montage.de\\\/\",\"logo\":{\"@type\":\"ImageObject\",\"inLanguage\":\"cs\",\"@id\":\"https:\\\/\\\/mld-montage.de\\\/#\\\/schema\\\/logo\\\/image\\\/\",\"url\":\"https:\\\/\\\/mld-montage.de\\\/wp-content\\\/uploads\\\/sites\\\/2\\\/2022\\\/05\\\/MLD-Montage-Logistik-Dienstleistung-220-hi.jpg\",\"contentUrl\":\"https:\\\/\\\/mld-montage.de\\\/wp-content\\\/uploads\\\/sites\\\/2\\\/2022\\\/05\\\/MLD-Montage-Logistik-Dienstleistung-220-hi.jpg\",\"width\":220,\"height\":90,\"caption\":\"MLD Montage Logistik Dienstleistung\"},\"image\":{\"@id\":\"https:\\\/\\\/mld-montage.de\\\/#\\\/schema\\\/logo\\\/image\\\/\"}}]}<\/script>\n<!-- \/ Yoast SEO plugin. -->","yoast_head_json":{"title":"Imprint - MLD Montage Logistik Dienstleistung","robots":{"index":"index","follow":"follow","max-snippet":"max-snippet:-1","max-image-preview":"max-image-preview:large","max-video-preview":"max-video-preview:-1"},"canonical":"https:\/\/mld-montage.de\/cs\/imprint\/","og_locale":"cs_CZ","og_type":"article","og_title":"Imprint - MLD Montage Logistik Dienstleistung","og_description":"Imprint MLD Montage Logistik Dienstleistungen GmbH Zastoupen\u00e1 jednateli Josef Wiesent a Alfred Wollitzer Raiffeisenstra\u00dfe 492726 WaidhausN\u011bmecko Telefon: +49 9652 \/ 81479\u20130E-Mail: info@mld-montage.deInternet: www.mld-montage.de Z\u00e1pis do rejst\u0159\u00edku: Z\u00e1pis do obchodn\u00edho rejst\u0159\u00edkuRejst\u0159\u00edkov\u00fd soud: Weiden i.d.Opf. m\u00edstn\u00ed soud, rejst\u0159\u00edkov\u00e9 \u010d\u00edslo HRB 3741 Identifika\u010dn\u00ed \u010d\u00edslo pro da\u0148 z prodeje: DE814436408 Odpov\u011bdnost za obsah podle \u00a7 55 odst. 2 RStV: [&hellip;]","og_url":"https:\/\/mld-montage.de\/cs\/imprint\/","og_site_name":"MLD Montage Logistik Dienstleistung","article_modified_time":"2022-10-26T09:13:47+00:00","twitter_card":"summary_large_image","twitter_misc":{"Odhadovan\u00e1 doba \u010dten\u00ed":"4 minuty"},"schema":{"@context":"https:\/\/schema.org","@graph":[{"@type":"WebPage","@id":"https:\/\/mld-montage.de\/cs\/imprint\/","url":"https:\/\/mld-montage.de\/cs\/imprint\/","name":"Imprint - MLD Montage Logistik Dienstleistung","isPartOf":{"@id":"https:\/\/mld-montage.de\/#website"},"datePublished":"2022-05-19T08:19:34+00:00","dateModified":"2022-10-26T09:13:47+00:00","breadcrumb":{"@id":"https:\/\/mld-montage.de\/cs\/imprint\/#breadcrumb"},"inLanguage":"cs","potentialAction":[{"@type":"ReadAction","target":["https:\/\/mld-montage.de\/cs\/imprint\/"]}]},{"@type":"BreadcrumbList","@id":"https:\/\/mld-montage.de\/cs\/imprint\/#breadcrumb","itemListElement":[{"@type":"ListItem","position":1,"name":"Startseite","item":"https:\/\/mld-montage.de\/cs\/montaz-logistika-a-sluzby\/"},{"@type":"ListItem","position":2,"name":"Imprint"}]},{"@type":"WebSite","@id":"https:\/\/mld-montage.de\/#website","url":"https:\/\/mld-montage.de\/","name":"MLD Montage Logistik Dienstleistung","description":"im Comline Elektronik Firmenverbund","publisher":{"@id":"https:\/\/mld-montage.de\/#organization"},"potentialAction":[{"@type":"SearchAction","target":{"@type":"EntryPoint","urlTemplate":"https:\/\/mld-montage.de\/?s={search_term_string}"},"query-input":{"@type":"PropertyValueSpecification","valueRequired":true,"valueName":"search_term_string"}}],"inLanguage":"cs"},{"@type":"Organization","@id":"https:\/\/mld-montage.de\/#organization","name":"MLD Montage Logistik Dienstleistung","url":"https:\/\/mld-montage.de\/","logo":{"@type":"ImageObject","inLanguage":"cs","@id":"https:\/\/mld-montage.de\/#\/schema\/logo\/image\/","url":"https:\/\/mld-montage.de\/wp-content\/uploads\/sites\/2\/2022\/05\/MLD-Montage-Logistik-Dienstleistung-220-hi.jpg","contentUrl":"https:\/\/mld-montage.de\/wp-content\/uploads\/sites\/2\/2022\/05\/MLD-Montage-Logistik-Dienstleistung-220-hi.jpg","width":220,"height":90,"caption":"MLD Montage Logistik Dienstleistung"},"image":{"@id":"https:\/\/mld-montage.de\/#\/schema\/logo\/image\/"}}]}},"_links":{"self":[{"href":"https:\/\/mld-montage.de\/cs\/wp-json\/wp\/v2\/pages\/670","targetHints":{"allow":["GET"]}}],"collection":[{"href":"https:\/\/mld-montage.de\/cs\/wp-json\/wp\/v2\/pages"}],"about":[{"href":"https:\/\/mld-montage.de\/cs\/wp-json\/wp\/v2\/types\/page"}],"author":[{"embeddable":true,"href":"https:\/\/mld-montage.de\/cs\/wp-json\/wp\/v2\/users\/1"}],"replies":[{"embeddable":true,"href":"https:\/\/mld-montage.de\/cs\/wp-json\/wp\/v2\/comments?post=670"}],"version-history":[{"count":1,"href":"https:\/\/mld-montage.de\/cs\/wp-json\/wp\/v2\/pages\/670\/revisions"}],"predecessor-version":[{"id":671,"href":"https:\/\/mld-montage.de\/cs\/wp-json\/wp\/v2\/pages\/670\/revisions\/671"}],"wp:attachment":[{"href":"https:\/\/mld-montage.de\/cs\/wp-json\/wp\/v2\/media?parent=670"}],"curies":[{"name":"wp","href":"https:\/\/api.w.org\/{rel}","templated":true}]}}