{"id":683,"date":"2022-05-19T14:29:07","date_gmt":"2022-05-19T12:29:07","guid":{"rendered":"https:\/\/mld-montage.de\/?page_id=683"},"modified":"2022-11-14T18:09:15","modified_gmt":"2022-11-14T17:09:15","slug":"ochrana-udaju","status":"publish","type":"page","link":"https:\/\/mld-montage.de\/cs\/ochrana-udaju\/","title":{"rendered":"Ochrana \u00fadaj\u016f"},"content":{"rendered":"\t\t<div data-elementor-type=\"wp-page\" data-elementor-id=\"683\" class=\"elementor elementor-683 elementor-339\">\n\t\t\t\t\t\t<section class=\"elementor-section elementor-top-section elementor-element elementor-element-0a0f269 elementor-section-boxed elementor-section-height-default elementor-section-height-default\" data-id=\"0a0f269\" data-element_type=\"section\" data-e-type=\"section\">\n\t\t\t\t\t\t<div class=\"elementor-container elementor-column-gap-default\">\n\t\t\t\t\t<div class=\"elementor-column elementor-col-100 elementor-top-column elementor-element elementor-element-216ceaf\" data-id=\"216ceaf\" data-element_type=\"column\" data-e-type=\"column\">\n\t\t\t<div class=\"elementor-widget-wrap elementor-element-populated\">\n\t\t\t\t\t\t<div class=\"elementor-element elementor-element-8ac5822 elementor-widget elementor-widget-heading\" data-id=\"8ac5822\" data-element_type=\"widget\" data-e-type=\"widget\" data-widget_type=\"heading.default\">\n\t\t\t\t<div class=\"elementor-widget-container\">\n\t\t\t\t\t<h2 class=\"elementor-heading-title elementor-size-default\">Z\u00e1sady ochrany osobn\u00edch \u00fadaj\u016f<\/h2>\t\t\t\t<\/div>\n\t\t\t\t<\/div>\n\t\t\t\t<div class=\"elementor-element elementor-element-dd87b55 elementor-widget elementor-widget-text-editor\" data-id=\"dd87b55\" data-element_type=\"widget\" data-e-type=\"widget\" data-widget_type=\"text-editor.default\">\n\t\t\t\t<div class=\"elementor-widget-container\">\n\t\t\t\t\t\t\t\t\t<h4>Ochrana \u00fadaj\u016f<\/h4><p>D\u011bkujeme v\u00e1m za n\u00e1v\u0161t\u011bvu na\u0161ich webov\u00fdch str\u00e1nek a za v\u00e1\u0161 z\u00e1jem o na\u0161e slu\u017eby. Chceme, abyste se na na\u0161ich webov\u00fdch str\u00e1nk\u00e1ch c\u00edtili pohodln\u011b a nemuseli se ob\u00e1vat o d\u016fv\u011brnost sv\u00fdch \u00fadaj\u016f. Velmi db\u00e1me na ochranu osobn\u00edch \u00fadaj\u016f a pova\u017eujeme transparentnost p\u0159i nakl\u00e1d\u00e1n\u00ed s va\u0161imi \u00fadaji za velmi d\u016fle\u017eitou. Proto bychom v\u00e1s r\u00e1di informovali o tom, jak\u00e9 \u00fadaje shroma\u017e\u010fujeme, za jak\u00fdm \u00fa\u010delem tak \u010din\u00edme a jak m\u016f\u017eete sv\u00e9 \u00fadaje kdykoli kontrolovat.<\/p><p>Na\u0161e webov\u00e9 str\u00e1nky m\u016f\u017eete samoz\u0159ejm\u011b nav\u0161t\u00edvit, ani\u017e byste n\u00e1m poskytli nebo zanechali jak\u00e9koliv osobn\u00ed \u00fadaje. Z\u00e1sady ochrany osobn\u00edch \u00fadaj\u016f jsou k dispozici na odkazu v doln\u00ed \u010d\u00e1sti ka\u017ed\u00e9 str\u00e1nky.<\/p><p>Osobn\u00ed \u00fadaje jsou individu\u00e1ln\u00ed informace o osobn\u00edch nebo faktick\u00fdch okolnostech identifikovan\u00e9 nebo identifikovateln\u00e9 fyzick\u00e9 osoby. Va\u0161e osobn\u00ed \u00fadaje pou\u017e\u00edv\u00e1me pouze p\u0159i n\u00e1v\u0161t\u011bv\u011b na\u0161ich webov\u00fdch str\u00e1nek pro jejich provoz a optimalizaci. Za t\u00edmto \u00fa\u010delem se shroma\u017e\u010fuje IP adresa, r\u016fzn\u00e9 technick\u00e9 \u00fadaje o koncov\u00e9m za\u0159\u00edzen\u00ed (nap\u0159. opera\u010dn\u00ed syst\u00e9m, pou\u017eit\u00fd prohl\u00ed\u017ee\u010d atd.) a \u00fadaje o pou\u017e\u00edv\u00e1n\u00ed na\u0161ich webov\u00fdch str\u00e1nek.<br \/>Tyto \u00fadaje neukl\u00e1d\u00e1me po uplynut\u00ed z\u00e1konem stanoven\u00e9 doby uchov\u00e1v\u00e1n\u00ed. Toto ukl\u00e1d\u00e1n\u00ed \u00fadaj\u016f prob\u00edh\u00e1 bez osobn\u00edho odkazu, tj. \u00fadaje jsou anonymn\u00ed<br \/>a neumo\u017e\u0148uj\u00ed vyvozovat \u017e\u00e1dn\u00e9 z\u00e1v\u011bry o va\u0161\u00ed toto\u017enosti. Tyto informace statisticky analyzujeme, aby bylo pou\u017e\u00edv\u00e1n\u00ed na\u0161ich webov\u00fdch str\u00e1nek pro v\u0161echny n\u00e1v\u0161t\u011bvn\u00edky je\u0161t\u011b p\u0159\u00edjemn\u011bj\u0161\u00ed. K propojen\u00ed s n\u00e1mi ji\u017e ulo\u017een\u00fdmi osobn\u00edmi \u00fadaji nedoch\u00e1z\u00ed.<\/p><p>P\u0159i v\u0161ech postupech zpracov\u00e1n\u00ed \u00fadaj\u016f, tj. shroma\u017e\u010fov\u00e1n\u00ed, ukl\u00e1d\u00e1n\u00ed a pou\u017e\u00edv\u00e1n\u00ed \u00fadaj\u016f, p\u0159\u00edsn\u011b dodr\u017eujeme po\u017eadavky evropsk\u00e9ho obecn\u00e9ho na\u0159\u00edzen\u00ed o ochran\u011b osobn\u00edch \u00fadaj\u016f (\u010dl. 13 odst. 2 e EU-DSGVO). Osobn\u00ed \u00fadaje, kter\u00e9 n\u00e1m sv\u011b\u0159\u00edte, nikdy neprod\u00e1me, nepronajmeme ani neposkytneme t\u0159et\u00edm stran\u00e1m pro marketingov\u00e9 \u00fa\u010dely.<\/p><p><strong>Kontaktn\u00ed formul\u00e1\u0159<\/strong><br \/>P\u0159i vypl\u0148ov\u00e1n\u00ed kontaktn\u00edho formul\u00e1\u0159e n\u00e1m poskytujete osobn\u00ed \u00fadaje. M\u016f\u017eeme shroma\u017e\u010fovat n\u00e1sleduj\u00edc\u00ed typy \u00fadaj\u016f: Jm\u00e9no, e-mailov\u00e1 adresa, telefonn\u00ed \u010d\u00edslo, spole\u010dnost. Tyto \u00fadaje pou\u017e\u00edv\u00e1me pouze k tomu, abychom odpov\u011bd\u011bli na v\u00e1\u0161 konkr\u00e9tn\u00ed dotaz nebo \u017e\u00e1dost a poskytli v\u00e1m informace. Abychom va\u0161e \u00fadaje ochr\u00e1nili, pou\u017e\u00edv\u00e1me p\u0159i jejich p\u0159enosu k n\u00e1m uzn\u00e1van\u00fd postup \u0161ifrov\u00e1n\u00ed. Va\u0161e osobn\u00ed \u00fadaje budeme uchov\u00e1vat po dobu nezbytnou k napln\u011bn\u00ed \u00fa\u010del\u016f popsan\u00fdch v tomto prohl\u00e1\u0161en\u00ed.<\/p><p><strong>Pr\u00e1vo na opravu a v\u00fdmaz<\/strong><br \/>Podle \u010dl. 16,17 EU-DSGVO m\u00e1te kdykoli mo\u017enost nechat sv\u00e9 \u00fadaje ulo\u017een\u00e9 u n\u00e1s opravit nebo vymazat. Sta\u010d\u00ed poslat neform\u00e1ln\u00ed e-mail na adresu info@mld-montage.de nebo dopis na adresu M\/L\/D Montage Logistik &amp; Dienstleistung GmbH, Raiffeisenstra\u00dfe 4, 92726 Waidhaus, N\u011bmecko.<\/p><p>Va\u0161\u00ed \u017e\u00e1dosti neprodlen\u011b vyhov\u00edme, ale upozor\u0148ujeme, \u017ee v n\u011bkter\u00fdch p\u0159\u00edpadech (nap\u0159. zas\u00edl\u00e1n\u00ed newsletter\u016f) nen\u00ed v\u017edy mo\u017en\u00e9 zastavit ji\u017e prob\u00edhaj\u00edc\u00ed akce, tak\u017ee se m\u016f\u017ee st\u00e1t, \u017ee i po va\u0161em odvol\u00e1n\u00ed od n\u00e1s budete po kr\u00e1tkou dobu dost\u00e1vat po\u0161tu nebo e-mail. Za to se p\u0159edem omlouv\u00e1me.<\/p><p><strong>Pr\u00e1vo na informace<\/strong><br \/>Podle \u010dl\u00e1nku 15 EU-DSGVO m\u016f\u017eete kdykoli z\u00edskat informace o tom, jak\u00e9 \u00fadaje o v\u00e1s ukl\u00e1d\u00e1me, o \u00fa\u010delu zpracov\u00e1n\u00ed \u00fadaj\u016f a dal\u0161\u00ed informace t\u00fdkaj\u00edc\u00ed se ochrany \u00fadaj\u016f.<br \/>Pokud si p\u0159ejete tyto informace obdr\u017eet, obra\u0165te se na n\u00e1sleduj\u00edc\u00ed adresu: M\/L\/D Montage Logistik &amp; Dienstleistung GmbH, Raiffeisenstra\u00dfe 4, 92726 Waidhaus, N\u011bmecko.<\/p><p><strong>Pr\u00e1vo na n\u00e1mitku<\/strong><br \/>Podle \u010dl\u00e1nku 21 EU-DSGVO m\u00e1te pr\u00e1vo kdykoli vzn\u00e9st n\u00e1mitku proti zpracov\u00e1n\u00ed osobn\u00edch \u00fadaj\u016f, kter\u00e9 se v\u00e1s t\u00fdkaj\u00ed. Sta\u010d\u00ed poslat neform\u00e1ln\u00ed e-mail na adresu info@mld-montage.de nebo dopis na adresu M\/L\/D Montage Logistik &amp; Dienstleistung GmbH, Raiffeisenstra\u00dfe 4, 92726 Waidhaus, N\u011bmecko.<\/p><p><strong>Pr\u00e1vo podat st\u00ed\u017enost u dozorov\u00e9ho \u00fa\u0159adu<\/strong><br \/>Pokud se domn\u00edv\u00e1te, \u017ee zpracov\u00e1n\u00ed va\u0161ich osobn\u00edch \u00fadaj\u016f poru\u0161uje GDPR EU, m\u00e1te pr\u00e1vo podat st\u00ed\u017enost u dozorov\u00e9ho \u00fa\u0159adu.<\/p><p>Bavorsk\u00fd zemsk\u00fd \u00fa\u0159ad pro dohled nad ochranou \u00fadaj\u016f (BayLDA)<br \/>Promenade 27 91522 Ansbach<br \/>Telefon +49 (0) 981 53 1300<br \/>E-mail poststelle@lda.bayern.de<\/p><p><strong>Pou\u017eit\u00ed slu\u017eby Google Remarketing<\/strong><br \/>Tyto webov\u00e9<br \/>str\u00e1nky pou\u017e\u00edvaj\u00ed funkci remarketingu spole\u010dnosti Google Inc. Tato funkce se pou\u017e\u00edv\u00e1 k zobrazov\u00e1n\u00ed z\u00e1jmov\u011b orientovan\u00fdch reklam n\u00e1v\u0161t\u011bvn\u00edk\u016fm webov\u00fdch str\u00e1nek v r\u00e1mci reklamn\u00ed s\u00edt\u011b Google. V prohl\u00ed\u017ee\u010di n\u00e1v\u0161t\u011bvn\u00edka webov\u00fdch str\u00e1nek se ukl\u00e1d\u00e1 takzvan\u00fd &#8222;cookie&#8220;, kter\u00fd umo\u017e\u0148uje rozpoznat n\u00e1v\u0161t\u011bvn\u00edka p\u0159i n\u00e1v\u0161t\u011bv\u011b webov\u00fdch str\u00e1nek, kter\u00e9 pat\u0159\u00ed do reklamn\u00ed s\u00edt\u011b Google. Na t\u011bchto str\u00e1nk\u00e1ch se n\u00e1v\u0161t\u011bvn\u00edkovi mohou zobrazovat reklamy, kter\u00e9 se vztahuj\u00ed k obsahu, kter\u00fd n\u00e1v\u0161t\u011bvn\u00edk d\u0159\u00edve nav\u0161t\u00edvil na webov\u00fdch str\u00e1nk\u00e1ch vyu\u017e\u00edvaj\u00edc\u00edch funkci remarketingu spole\u010dnosti Google.<\/p><p>Podle vlastn\u00edch informac\u00ed spole\u010dnost Google b\u011bhem tohoto procesu neshroma\u017e\u010fuje \u017e\u00e1dn\u00e9 osobn\u00ed \u00fadaje. Pokud si p\u0159esto nep\u0159ejete pou\u017e\u00edvat funkci remarketingu spole\u010dnosti Google, m\u016f\u017eete ji v z\u00e1sad\u011b deaktivovat zm\u011bnou p\u0159\u00edslu\u0161n\u00fdch nastaven\u00ed na adrese http:\/\/www.google.com\/settings\/adsvornehmen. P\u0159\u00edpadn\u011b m\u016f\u017eete deaktivovat pou\u017e\u00edv\u00e1n\u00ed soubor\u016f cookie pro z\u00e1jmov\u011b orientovanou reklamu prost\u0159ednictv\u00edm iniciativy reklamn\u00ed s\u00edt\u011b podle pokyn\u016f na adrese http:\/\/www.networkadvertising.org\/managing\/opt_out.asp.<\/p><p><strong>Cookies<\/strong><br \/>Na na\u0161ich webov\u00fdch str\u00e1nk\u00e1ch pou\u017e\u00edv\u00e1me dva typy soubor\u016f cookie: soubory cookie relace a trval\u00e9 soubory cookie.<br \/>Abyste se mohli rozhodnout, zda n\u00e1m to dovol\u00edte, r\u00e1di bychom v\u00e1m stru\u010dn\u011b vysv\u011btlili \u00fa\u010del t\u011bchto soubor\u016f cookie. Soubory cookie jsou kr\u00e1tk\u00e9 \u00faryvky textu, kter\u00e9 ukl\u00e1d\u00e1me do va\u0161eho po\u010d\u00edta\u010de. Soubory cookie neprov\u00e1d\u011bj\u00ed v po\u010d\u00edta\u010di \u017e\u00e1dn\u00e9 p\u0159\u00edkazy, tak\u017ee nep\u0159edstavuj\u00ed bezpe\u010dnostn\u00ed riziko.<br \/>Soubory cookie relace ukl\u00e1daj\u00ed ur\u010dit\u00e9 informace b\u011bhem prohl\u00ed\u017een\u00ed na\u0161ich webov\u00fdch str\u00e1nek a nejsou ulo\u017eeny trvale, ale po opu\u0161t\u011bn\u00ed na\u0161ich webov\u00fdch str\u00e1nek jsou op\u011bt smaz\u00e1ny.<br \/>Do va\u0161eho po\u010d\u00edta\u010de tak\u00e9 ukl\u00e1d\u00e1me trval\u00fd soubor cookie. Tento soubor cookie obsahuje pouze informaci o tom, \u017ee jste ji\u017e na na\u0161ich webov\u00fdch str\u00e1nk\u00e1ch<br \/>byli. Tyto informace jsou velmi cenn\u00e9 pro tvorbu na\u0161\u00ed nab\u00eddky a na\u0161ich reklamn\u00edch materi\u00e1l\u016f.<br \/>Zp\u016fsob zpracov\u00e1n\u00ed soubor\u016f cookie v prohl\u00ed\u017ee\u010di si m\u016f\u017eete ur\u010dit sami, m\u016f\u017eete dokonce soubory cookie zcela odm\u00edtnout nebo prohl\u00ed\u017ee\u010d nastavit tak, aby se soubory cookie pravideln\u011b mazaly. Na internetu o tom najdete dostatek informac\u00ed.<\/p><p><strong>D\u011bti<\/strong><br \/>Doporu\u010dujeme v\u0161em rodi\u010d\u016fm a opatrovn\u00edk\u016fm, aby sv\u00e9 d\u011bti pou\u010dili o bezpe\u010dn\u00e9m a odpov\u011bdn\u00e9m pou\u017e\u00edv\u00e1n\u00ed osobn\u00edch \u00fadaj\u016f na internetu. D\u011bti by nem\u011bly na webov\u00e9 str\u00e1nky vkl\u00e1dat \u017e\u00e1dn\u00e9 osobn\u00ed \u00fadaje bez souhlasu sv\u00fdch rodi\u010d\u016f nebo opatrovn\u00edka! Uji\u0161\u0165ujeme je, \u017ee v\u011bdom\u011b neshroma\u017e\u010fujeme osobn\u00ed \u00fadaje d\u011bt\u00ed a nijak je nepou\u017e\u00edv\u00e1me ani je nep\u0159ed\u00e1v\u00e1me t\u0159et\u00edm stran\u00e1m bez opr\u00e1vn\u011bn\u00ed.<\/p><p><strong>Z\u00e1v\u011bre\u010dn\u00e1 pozn\u00e1mka<\/strong><br \/>Va\u0161e d\u016fv\u011bra je pro n\u00e1s velmi d\u016fle\u017eit\u00e1 a d\u011bkujeme v\u00e1m za ni. Douf\u00e1me, \u017ee se n\u00e1m t\u00edmto stru\u010dn\u00fdm v\u00fdkladem poda\u0159ilo vytvo\u0159it ve v\u00e1s pozitivn\u00ed dojem o ochran\u011b osobn\u00edch \u00fadaj\u016f. Pokud v\u0161ak m\u00e1te jak\u00e9koli dotazy, nev\u00e1hejte se obr\u00e1tit na na\u0161eho extern\u00edho pov\u011b\u0159ence pro ochranu osobn\u00edch \u00fadaj\u016f:<\/p><p>David Gabel<br \/>Am B\u00fcgerl 3<br \/>92431 Neunburg v. W.<br \/>E-Mail: david.gabel@audit27001.de<\/p><p>\u00a0<\/p><p>\u00a0<\/p>\t\t\t\t\t\t\t\t<\/div>\n\t\t\t\t<\/div>\n\t\t\t\t\t<\/div>\n\t\t<\/div>\n\t\t\t\t\t<\/div>\n\t\t<\/section>\n\t\t\t\t<\/div>\n\t\t","protected":false},"excerpt":{"rendered":"<p>Z\u00e1sady ochrany osobn\u00edch \u00fadaj\u016f Ochrana \u00fadaj\u016f D\u011bkujeme v\u00e1m za n\u00e1v\u0161t\u011bvu na\u0161ich webov\u00fdch str\u00e1nek a za v\u00e1\u0161 z\u00e1jem o na\u0161e slu\u017eby. Chceme, abyste se na na\u0161ich webov\u00fdch str\u00e1nk\u00e1ch c\u00edtili pohodln\u011b a nemuseli se ob\u00e1vat o d\u016fv\u011brnost sv\u00fdch \u00fadaj\u016f. Velmi db\u00e1me na ochranu osobn\u00edch \u00fadaj\u016f a pova\u017eujeme transparentnost p\u0159i nakl\u00e1d\u00e1n\u00ed s va\u0161imi \u00fadaji za velmi d\u016fle\u017eitou. Proto [&hellip;]<\/p>\n","protected":false},"author":2,"featured_media":0,"parent":0,"menu_order":0,"comment_status":"closed","ping_status":"closed","template":"","meta":{"footnotes":""},"class_list":["post-683","page","type-page","status-publish","hentry"],"yoast_head":"<!-- This site is optimized with the Yoast SEO plugin v27.4 - https:\/\/yoast.com\/product\/yoast-seo-wordpress\/ -->\n<title>Ochrana \u00fadaj\u016f - MLD Montage Logistik Dienstleistung<\/title>\n<meta name=\"robots\" content=\"index, follow, max-snippet:-1, max-image-preview:large, max-video-preview:-1\" \/>\n<link rel=\"canonical\" href=\"https:\/\/mld-montage.de\/cs\/ochrana-udaju\/\" \/>\n<meta property=\"og:locale\" content=\"cs_CZ\" \/>\n<meta property=\"og:type\" content=\"article\" \/>\n<meta property=\"og:title\" content=\"Ochrana \u00fadaj\u016f - MLD Montage Logistik Dienstleistung\" \/>\n<meta property=\"og:description\" content=\"Z\u00e1sady ochrany osobn\u00edch \u00fadaj\u016f Ochrana \u00fadaj\u016f D\u011bkujeme v\u00e1m za n\u00e1v\u0161t\u011bvu na\u0161ich webov\u00fdch str\u00e1nek a za v\u00e1\u0161 z\u00e1jem o na\u0161e slu\u017eby. Chceme, abyste se na na\u0161ich webov\u00fdch str\u00e1nk\u00e1ch c\u00edtili pohodln\u011b a nemuseli se ob\u00e1vat o d\u016fv\u011brnost sv\u00fdch \u00fadaj\u016f. Velmi db\u00e1me na ochranu osobn\u00edch \u00fadaj\u016f a pova\u017eujeme transparentnost p\u0159i nakl\u00e1d\u00e1n\u00ed s va\u0161imi \u00fadaji za velmi d\u016fle\u017eitou. Proto [&hellip;]\" \/>\n<meta property=\"og:url\" content=\"https:\/\/mld-montage.de\/cs\/ochrana-udaju\/\" \/>\n<meta property=\"og:site_name\" content=\"MLD Montage Logistik Dienstleistung\" \/>\n<meta property=\"article:modified_time\" content=\"2022-11-14T17:09:15+00:00\" \/>\n<meta name=\"twitter:card\" content=\"summary_large_image\" \/>\n<meta name=\"twitter:label1\" content=\"Odhadovan\u00e1 doba \u010dten\u00ed\" \/>\n\t<meta name=\"twitter:data1\" content=\"7 minut\" \/>\n<script type=\"application\/ld+json\" class=\"yoast-schema-graph\">{\"@context\":\"https:\\\/\\\/schema.org\",\"@graph\":[{\"@type\":\"WebPage\",\"@id\":\"https:\\\/\\\/mld-montage.de\\\/cs\\\/ochrana-udaju\\\/\",\"url\":\"https:\\\/\\\/mld-montage.de\\\/cs\\\/ochrana-udaju\\\/\",\"name\":\"Ochrana \u00fadaj\u016f - MLD Montage Logistik Dienstleistung\",\"isPartOf\":{\"@id\":\"https:\\\/\\\/mld-montage.de\\\/#website\"},\"datePublished\":\"2022-05-19T12:29:07+00:00\",\"dateModified\":\"2022-11-14T17:09:15+00:00\",\"breadcrumb\":{\"@id\":\"https:\\\/\\\/mld-montage.de\\\/cs\\\/ochrana-udaju\\\/#breadcrumb\"},\"inLanguage\":\"cs\",\"potentialAction\":[{\"@type\":\"ReadAction\",\"target\":[\"https:\\\/\\\/mld-montage.de\\\/cs\\\/ochrana-udaju\\\/\"]}]},{\"@type\":\"BreadcrumbList\",\"@id\":\"https:\\\/\\\/mld-montage.de\\\/cs\\\/ochrana-udaju\\\/#breadcrumb\",\"itemListElement\":[{\"@type\":\"ListItem\",\"position\":1,\"name\":\"Startseite\",\"item\":\"https:\\\/\\\/mld-montage.de\\\/cs\\\/montaz-logistika-a-sluzby\\\/\"},{\"@type\":\"ListItem\",\"position\":2,\"name\":\"Ochrana \u00fadaj\u016f\"}]},{\"@type\":\"WebSite\",\"@id\":\"https:\\\/\\\/mld-montage.de\\\/#website\",\"url\":\"https:\\\/\\\/mld-montage.de\\\/\",\"name\":\"MLD Montage Logistik Dienstleistung\",\"description\":\"im Comline Elektronik Firmenverbund\",\"publisher\":{\"@id\":\"https:\\\/\\\/mld-montage.de\\\/#organization\"},\"potentialAction\":[{\"@type\":\"SearchAction\",\"target\":{\"@type\":\"EntryPoint\",\"urlTemplate\":\"https:\\\/\\\/mld-montage.de\\\/?s={search_term_string}\"},\"query-input\":{\"@type\":\"PropertyValueSpecification\",\"valueRequired\":true,\"valueName\":\"search_term_string\"}}],\"inLanguage\":\"cs\"},{\"@type\":\"Organization\",\"@id\":\"https:\\\/\\\/mld-montage.de\\\/#organization\",\"name\":\"MLD Montage Logistik Dienstleistung\",\"url\":\"https:\\\/\\\/mld-montage.de\\\/\",\"logo\":{\"@type\":\"ImageObject\",\"inLanguage\":\"cs\",\"@id\":\"https:\\\/\\\/mld-montage.de\\\/#\\\/schema\\\/logo\\\/image\\\/\",\"url\":\"https:\\\/\\\/mld-montage.de\\\/wp-content\\\/uploads\\\/sites\\\/2\\\/2022\\\/05\\\/MLD-Montage-Logistik-Dienstleistung-220-hi.jpg\",\"contentUrl\":\"https:\\\/\\\/mld-montage.de\\\/wp-content\\\/uploads\\\/sites\\\/2\\\/2022\\\/05\\\/MLD-Montage-Logistik-Dienstleistung-220-hi.jpg\",\"width\":220,\"height\":90,\"caption\":\"MLD Montage Logistik Dienstleistung\"},\"image\":{\"@id\":\"https:\\\/\\\/mld-montage.de\\\/#\\\/schema\\\/logo\\\/image\\\/\"}}]}<\/script>\n<!-- \/ Yoast SEO plugin. -->","yoast_head_json":{"title":"Ochrana \u00fadaj\u016f - MLD Montage Logistik Dienstleistung","robots":{"index":"index","follow":"follow","max-snippet":"max-snippet:-1","max-image-preview":"max-image-preview:large","max-video-preview":"max-video-preview:-1"},"canonical":"https:\/\/mld-montage.de\/cs\/ochrana-udaju\/","og_locale":"cs_CZ","og_type":"article","og_title":"Ochrana \u00fadaj\u016f - MLD Montage Logistik Dienstleistung","og_description":"Z\u00e1sady ochrany osobn\u00edch \u00fadaj\u016f Ochrana \u00fadaj\u016f D\u011bkujeme v\u00e1m za n\u00e1v\u0161t\u011bvu na\u0161ich webov\u00fdch str\u00e1nek a za v\u00e1\u0161 z\u00e1jem o na\u0161e slu\u017eby. Chceme, abyste se na na\u0161ich webov\u00fdch str\u00e1nk\u00e1ch c\u00edtili pohodln\u011b a nemuseli se ob\u00e1vat o d\u016fv\u011brnost sv\u00fdch \u00fadaj\u016f. Velmi db\u00e1me na ochranu osobn\u00edch \u00fadaj\u016f a pova\u017eujeme transparentnost p\u0159i nakl\u00e1d\u00e1n\u00ed s va\u0161imi \u00fadaji za velmi d\u016fle\u017eitou. Proto [&hellip;]","og_url":"https:\/\/mld-montage.de\/cs\/ochrana-udaju\/","og_site_name":"MLD Montage Logistik Dienstleistung","article_modified_time":"2022-11-14T17:09:15+00:00","twitter_card":"summary_large_image","twitter_misc":{"Odhadovan\u00e1 doba \u010dten\u00ed":"7 minut"},"schema":{"@context":"https:\/\/schema.org","@graph":[{"@type":"WebPage","@id":"https:\/\/mld-montage.de\/cs\/ochrana-udaju\/","url":"https:\/\/mld-montage.de\/cs\/ochrana-udaju\/","name":"Ochrana \u00fadaj\u016f - MLD Montage Logistik Dienstleistung","isPartOf":{"@id":"https:\/\/mld-montage.de\/#website"},"datePublished":"2022-05-19T12:29:07+00:00","dateModified":"2022-11-14T17:09:15+00:00","breadcrumb":{"@id":"https:\/\/mld-montage.de\/cs\/ochrana-udaju\/#breadcrumb"},"inLanguage":"cs","potentialAction":[{"@type":"ReadAction","target":["https:\/\/mld-montage.de\/cs\/ochrana-udaju\/"]}]},{"@type":"BreadcrumbList","@id":"https:\/\/mld-montage.de\/cs\/ochrana-udaju\/#breadcrumb","itemListElement":[{"@type":"ListItem","position":1,"name":"Startseite","item":"https:\/\/mld-montage.de\/cs\/montaz-logistika-a-sluzby\/"},{"@type":"ListItem","position":2,"name":"Ochrana \u00fadaj\u016f"}]},{"@type":"WebSite","@id":"https:\/\/mld-montage.de\/#website","url":"https:\/\/mld-montage.de\/","name":"MLD Montage Logistik Dienstleistung","description":"im Comline Elektronik Firmenverbund","publisher":{"@id":"https:\/\/mld-montage.de\/#organization"},"potentialAction":[{"@type":"SearchAction","target":{"@type":"EntryPoint","urlTemplate":"https:\/\/mld-montage.de\/?s={search_term_string}"},"query-input":{"@type":"PropertyValueSpecification","valueRequired":true,"valueName":"search_term_string"}}],"inLanguage":"cs"},{"@type":"Organization","@id":"https:\/\/mld-montage.de\/#organization","name":"MLD Montage Logistik Dienstleistung","url":"https:\/\/mld-montage.de\/","logo":{"@type":"ImageObject","inLanguage":"cs","@id":"https:\/\/mld-montage.de\/#\/schema\/logo\/image\/","url":"https:\/\/mld-montage.de\/wp-content\/uploads\/sites\/2\/2022\/05\/MLD-Montage-Logistik-Dienstleistung-220-hi.jpg","contentUrl":"https:\/\/mld-montage.de\/wp-content\/uploads\/sites\/2\/2022\/05\/MLD-Montage-Logistik-Dienstleistung-220-hi.jpg","width":220,"height":90,"caption":"MLD Montage Logistik Dienstleistung"},"image":{"@id":"https:\/\/mld-montage.de\/#\/schema\/logo\/image\/"}}]}},"_links":{"self":[{"href":"https:\/\/mld-montage.de\/cs\/wp-json\/wp\/v2\/pages\/683","targetHints":{"allow":["GET"]}}],"collection":[{"href":"https:\/\/mld-montage.de\/cs\/wp-json\/wp\/v2\/pages"}],"about":[{"href":"https:\/\/mld-montage.de\/cs\/wp-json\/wp\/v2\/types\/page"}],"author":[{"embeddable":true,"href":"https:\/\/mld-montage.de\/cs\/wp-json\/wp\/v2\/users\/2"}],"replies":[{"embeddable":true,"href":"https:\/\/mld-montage.de\/cs\/wp-json\/wp\/v2\/comments?post=683"}],"version-history":[{"count":10,"href":"https:\/\/mld-montage.de\/cs\/wp-json\/wp\/v2\/pages\/683\/revisions"}],"predecessor-version":[{"id":694,"href":"https:\/\/mld-montage.de\/cs\/wp-json\/wp\/v2\/pages\/683\/revisions\/694"}],"wp:attachment":[{"href":"https:\/\/mld-montage.de\/cs\/wp-json\/wp\/v2\/media?parent=683"}],"curies":[{"name":"wp","href":"https:\/\/api.w.org\/{rel}","templated":true}]}}